{"id":859,"date":"2017-08-12T06:38:12","date_gmt":"2017-08-12T10:38:12","guid":{"rendered":"http:\/\/www.poultryspecialties.ca\/?page_id=859"},"modified":"2018-04-25T10:19:58","modified_gmt":"2018-04-25T14:19:58","slug":"our-products","status":"publish","type":"page","link":"https:\/\/www.glasfax.ca\/?page_id=859","title":{"rendered":"Publications"},"content":{"rendered":"<h1>Publications<\/h1>\n<h5>Glasfax Publications<\/h5>\n<p>From 1967 to 1984, Glasfax issued a newsletter that was full of articles, research reports and snippets of information. In order to encourage an exchange of information, we have initiated a series of publications that include reprints from this treasure trove. These publications are intended to share some of the valuable information that has been presented in the newsletters over the years. The purchase of these publications goes to support the endeavors of Glasfax including development of further publications.<\/p>\n<p>For copies of any of these publications please go to\u00a0\u00a0\u00a0\u00a0\u00a0\u00a0\u00a0\u00a0\u00a0\u00a0\u00a0\u00a0\u00a0\u00a0\u00a0\u00a0\u00a0\u00a0\u00a0\u00a0\u00a0\u00a0\u00a0\u00a0\u00a0\u00a0\u00a0\u00a0\u00a0 \u00a0<a href=\"https:\/\/www.glasfax.ca\/?page_id=1180\">Contact Us\/Publications:<\/a><\/p>\n<p><strong>Artistic Cut Glass Catalog:<\/strong>\u00a0 A reproduction of Catalog \u201cA\u201d Artistic Cut Glass Wares of the Wallaceburg Cut Glass Works for 1914. This is the only known document picturing the products made by this firm. Glasfax purchased and donated the original copy to the Wallaceburg and District Museum in 2001. Price, 19 pages: $10.00 (Members $7.50)<\/p>\n<p><strong>The History of the Gall\u00e9 Vases:\u00a0<\/strong> Gall\u00e9 is a name well known in the cameo art glass field and this reprint of the September, 1974 Glasfax Newsletter provides a first-hand view of its operations from M. Ren\u00e9 D\u00e9zavelle, a glass artist who worked in the \u00e9tablissements Gall\u00e9 from 1919 until its close in 1930. Price, 106 pages: $15.00 (Members $10.00)<\/p>\n<p><strong>Canadian Bottles \u2013 Glasfax Project 69:\u00a0<\/strong> In this book you will find several Project 69 summary reports for bottles produced or used in Canada. Types of bottles covered include \u2013 beer bottles; Patent Medicine bottles; druggists\u2019 dispensing bottles and a few other articles that may be of interest to bottle collectors and researchers. Over 100 pages!\u00a0 Price: $15.00 (Members $10.00)<\/p>\n<p><strong>The Hamilton Glass Works circa 1865 \u2013 1912:\u00a0<\/strong> The Hamilton Glass Works was the first successful glass company in Canada with operations commencing in 1865. This report was prepared by the Research Committee of Glasfax District VIII in 1971.\u00a0 Even today it remains one of the best reference sources for details about this glass works. Price, 41pp: $15.00 (Members $10.00)<\/p>\n<p><img loading=\"lazy\" decoding=\"async\" src=\"https:\/\/www.glasfax.ca\/wp-content\/uploads\/2018\/04\/NS_goblets_1.jpg\" alt=\"\" width=\"1800\" height=\"1270\" \/><\/p>\n<h6>A selection of goblets made at the Nova Scotia Glass Company factory in New Glasgow, Nova Scotia between 1881 and 1892. L to R: Grape &amp; Vine; NS Paneled Jewels; Ribbed Band; Starflower; Crown.\u00a0\u00a0Photo: Sid Lethbridge<\/h6>\n","protected":false},"excerpt":{"rendered":"<p>Publications Glasfax Publications From 1967 to 1984, Glasfax issued a newsletter that was full of articles, research reports and snippets&hellip;<\/p>\n","protected":false},"author":1,"featured_media":0,"parent":0,"menu_order":0,"comment_status":"closed","ping_status":"closed","template":"","meta":{"footnotes":""},"class_list":["post-859","page","type-page","status-publish","hentry"],"_links":{"self":[{"href":"https:\/\/www.glasfax.ca\/index.php?rest_route=\/wp\/v2\/pages\/859","targetHints":{"allow":["GET"]}}],"collection":[{"href":"https:\/\/www.glasfax.ca\/index.php?rest_route=\/wp\/v2\/pages"}],"about":[{"href":"https:\/\/www.glasfax.ca\/index.php?rest_route=\/wp\/v2\/types\/page"}],"author":[{"embeddable":true,"href":"https:\/\/www.glasfax.ca\/index.php?rest_route=\/wp\/v2\/users\/1"}],"replies":[{"embeddable":true,"href":"https:\/\/www.glasfax.ca\/index.php?rest_route=%2Fwp%2Fv2%2Fcomments&post=859"}],"version-history":[{"count":5,"href":"https:\/\/www.glasfax.ca\/index.php?rest_route=\/wp\/v2\/pages\/859\/revisions"}],"predecessor-version":[{"id":1456,"href":"https:\/\/www.glasfax.ca\/index.php?rest_route=\/wp\/v2\/pages\/859\/revisions\/1456"}],"wp:attachment":[{"href":"https:\/\/www.glasfax.ca\/index.php?rest_route=%2Fwp%2Fv2%2Fmedia&parent=859"}],"curies":[{"name":"wp","href":"https:\/\/api.w.org\/{rel}","templated":true}]}}